{"id":3587,"date":"2024-01-17T22:06:50","date_gmt":"2024-01-17T19:06:50","guid":{"rendered":"https:\/\/www.ustud.org\/?page_id=3587"},"modified":"2024-01-31T00:00:17","modified_gmt":"2024-01-30T21:00:17","slug":"uyelik","status":"publish","type":"page","link":"https:\/\/www.ustud.org\/en\/uyelik\/","title":{"rendered":"Membership"},"content":{"rendered":"<div data-elementor-type=\"wp-page\" data-elementor-id=\"3587\" class=\"elementor elementor-3587\">\n\t\t\t\t<div class=\"elementor-element elementor-element-3fbc4e2 e-con-full e-flex e-con e-parent\" data-id=\"3fbc4e2\" data-element_type=\"container\" data-e-type=\"container\" data-settings=\"{&quot;background_background&quot;:&quot;classic&quot;}\">\n\t\t\t\t<div class=\"elementor-element elementor-element-99339e8 elementor-widget__width-inherit elementor-widget elementor-widget-image\" data-id=\"99339e8\" data-element_type=\"widget\" data-e-type=\"widget\" data-widget_type=\"image.default\">\n\t\t\t\t<div class=\"elementor-widget-container\">\n\t\t\t\t\t\t\t\t\t\t\t\t\t\t\t<img fetchpriority=\"high\" decoding=\"async\" width=\"2560\" height=\"1707\" src=\"https:\/\/www.ustud.org\/wp-content\/uploads\/2024\/01\/bogomil-mihaylov-g7x8QV6rPx4-unsplash-scaled.jpg\" class=\"attachment-full size-full wp-image-3714\" alt=\"\" srcset=\"https:\/\/www.ustud.org\/wp-content\/uploads\/2024\/01\/bogomil-mihaylov-g7x8QV6rPx4-unsplash-scaled.jpg 2560w, https:\/\/www.ustud.org\/wp-content\/uploads\/2024\/01\/bogomil-mihaylov-g7x8QV6rPx4-unsplash-300x200.jpg 300w, https:\/\/www.ustud.org\/wp-content\/uploads\/2024\/01\/bogomil-mihaylov-g7x8QV6rPx4-unsplash-1024x683.jpg 1024w, https:\/\/www.ustud.org\/wp-content\/uploads\/2024\/01\/bogomil-mihaylov-g7x8QV6rPx4-unsplash-768x512.jpg 768w, https:\/\/www.ustud.org\/wp-content\/uploads\/2024\/01\/bogomil-mihaylov-g7x8QV6rPx4-unsplash-1536x1024.jpg 1536w, https:\/\/www.ustud.org\/wp-content\/uploads\/2024\/01\/bogomil-mihaylov-g7x8QV6rPx4-unsplash-2048x1365.jpg 2048w\" sizes=\"(max-width: 2560px) 100vw, 2560px\" \/>\t\t\t\t\t\t\t\t\t\t\t\t\t\t\t<\/div>\n\t\t\t\t<\/div>\n\t\t\t\t<div class=\"elementor-element elementor-element-6a17ab8 elementor-widget elementor-widget-heading\" data-id=\"6a17ab8\" data-element_type=\"widget\" data-e-type=\"widget\" data-widget_type=\"heading.default\">\n\t\t\t\t<div class=\"elementor-widget-container\">\n\t\t\t\t\t<h2 class=\"elementor-heading-title elementor-size-default\"><span style=\"font-family: Verdana, Helvetica, Arial, sans-serif;font-size: 15px;text-align: justify\">International Sustainable Tourism Association (USTUD) Member Admission Requirements<\/span><\/h2>\t\t\t\t<\/div>\n\t\t\t\t<\/div>\n\t\t\t\t<\/div>\n\t\t<div class=\"elementor-element elementor-element-0cf8b3c e-flex e-con-boxed e-con e-parent\" data-id=\"0cf8b3c\" data-element_type=\"container\" data-e-type=\"container\">\n\t\t\t\t\t<div class=\"e-con-inner\">\n\t\t\t\t<div class=\"elementor-element elementor-element-4dca56e elementor-widget elementor-widget-text-editor\" data-id=\"4dca56e\" data-element_type=\"widget\" data-e-type=\"widget\" data-widget_type=\"text-editor.default\">\n\t\t\t\t<div class=\"elementor-widget-container\">\n\t\t\t\t\t\t\t\t\t<p style=\"font-size: 15px; font-style: normal; font-weight: 400; text-align: justify;\"><span style=\"background-color: var(--ast-global-color-4); color: var(--ast-global-color-3);\">The International Sustainable Tourism Association aims to bring national and international innovations to the sector to develop the sector in line with the principles of sustainability and to be represented in the entire sector through experience transfer. In this context, as a non-governmental organization, it has adopted the principle of taking its strength from knowledge, experience, and good examples. While walking on this path, it is very happy to see the sector representatives who have all these qualities, to cooperate, to develop the sustainable tourism ecosystem with mutual experience and knowledge sharing.\u00a0<\/span><\/p><p style=\"font-size: 15px; font-style: normal; font-weight: 400; text-align: justify;\">In this context, to become a member of our association, the below requirements need to be fulfilled.<\/p><p style=\"font-size: 15px; font-style: normal; font-weight: 400; text-align: justify;\">\u2022 Approval of at least three members of the Board of Directors,<br \/>\u2022 Approval of at least three members of the Board of Directors,<br \/>\u2022 The legal entity wishing to become a member to present its reputation*, knowledge, skills and experience related to sustainability recognized* and approved by USTUD Board of Directors.\u00a0<\/p><p style=\"font-size: 15px; font-style: normal; font-weight: 400; text-align: justify;\">Member candidate legal entities are expected to fulfil all three items mentioned above for membership acceptance.<\/p><p style=\"font-size: 15px; font-style: normal; font-weight: 400; text-align: justify;\">On the other hand, the conditions for the membership processes and membership renewals of legal entities whose membership have been realized;<br \/>\u2022 The board of directors reserves the right to re-evaluate the memberships of the members whose memberships have been approved, regularly every 2 years and regardless of the duration in line with the decision of the board of directors.<br \/>\u2022 The board of directors reserves the right to re-evaluate the membership of the members in case of regular participation in the activities and events of the association and in case of repeated non-participation.<br \/>\u2022 The annual membership fee is 60 thousand Turkish Liras.<\/p><p style=\"font-size: 15px; font-style: normal; font-weight: 400; text-align: justify;\">*<i>Green Globe, Green Star, EU Ecolabel, Green Key, Blue Angel, EarthCheck, BIO Hotels, Green Hotel, Green Tourism and The Eco Sertification certifications, which are internationally recognized and recognized in the field of sustainability tourism, are accepted for membership. In addition, internationally recognized certifications such as B Corporation, LEED, Fiar Trade and Bream will provide added value for membership in the presence of at least one of the certifications mentioned above.<\/i><\/p><p style=\"font-size: 15px; font-style: normal; font-weight: 400; text-align: justify;\">*<i>USTUD evaluates the reputation of the legal entity applying for membership in the national and international public opinion regarding sustainability and the positive or negative situations in this direction according to the principle of majority approval of the board of directors during the membership acceptance process.<\/i><\/p>\t\t\t\t\t\t\t\t<\/div>\n\t\t\t\t<\/div>\n\t\t\t\t\t<\/div>\n\t\t\t\t<\/div>\n\t\t\t\t<\/div>","protected":false},"excerpt":{"rendered":"<p>Uluslararas\u0131 S\u00fcrd\u00fcr\u00fclebilir Turizm Derne\u011fi (USTUD) \u00dcye Kabul\u00fc Ko\u015fullar\u0131 Uluslararas\u0131 S\u00fcrd\u00fcr\u00fclebilir Turizm Derne\u011fi sekt\u00f6r\u00fcn s\u00fcrd\u00fcr\u00fclebilirlik prensipleri do\u011frultusunda geli\u015fmesi i\u00e7in ulusal ve uluslararas\u0131 d\u00fczlemde ki yenilikleri sekt\u00f6re kazand\u0131rmay\u0131 ve deneyim aktar\u0131m\u0131 yoluyla t\u00fcm sekt\u00f6rde temsil edilmesini hedeflemektedir. Bu ba\u011flamda sivil toplum \u00f6rg\u00fct\u00fc olarak g\u00fcc\u00fcn\u00fc bilgi, deneyim ve iyi \u00f6rneklerden almay\u0131 kendini \u015fiar edinmi\u015ftir. Bu yolda y\u00fcr\u00fcrken t\u00fcm &hellip;<\/p>\n<p class=\"read-more\"> <a class=\"\" href=\"https:\/\/www.ustud.org\/en\/uyelik\/\"> <span class=\"screen-reader-text\">Membership<\/span> Read More &raquo;<\/a><\/p>","protected":false},"author":1,"featured_media":0,"parent":0,"menu_order":0,"comment_status":"closed","ping_status":"closed","template":"","meta":{"site-sidebar-layout":"no-sidebar","site-content-layout":"page-builder","ast-site-content-layout":"full-width-container","site-content-style":"default","site-sidebar-style":"default","ast-global-header-display":"","ast-banner-title-visibility":"","ast-main-header-display":"","ast-hfb-above-header-display":"","ast-hfb-below-header-display":"","ast-hfb-mobile-header-display":"","site-post-title":"disabled","ast-breadcrumbs-content":"","ast-featured-img":"disabled","footer-sml-layout":"","theme-transparent-header-meta":"default","adv-header-id-meta":"","stick-header-meta":"","header-above-stick-meta":"","header-main-stick-meta":"","header-below-stick-meta":"","astra-migrate-meta-layouts":"set","footnotes":""},"class_list":["post-3587","page","type-page","status-publish","hentry"],"_links":{"self":[{"href":"https:\/\/www.ustud.org\/en\/wp-json\/wp\/v2\/pages\/3587","targetHints":{"allow":["GET"]}}],"collection":[{"href":"https:\/\/www.ustud.org\/en\/wp-json\/wp\/v2\/pages"}],"about":[{"href":"https:\/\/www.ustud.org\/en\/wp-json\/wp\/v2\/types\/page"}],"author":[{"embeddable":true,"href":"https:\/\/www.ustud.org\/en\/wp-json\/wp\/v2\/users\/1"}],"replies":[{"embeddable":true,"href":"https:\/\/www.ustud.org\/en\/wp-json\/wp\/v2\/comments?post=3587"}],"version-history":[{"count":78,"href":"https:\/\/www.ustud.org\/en\/wp-json\/wp\/v2\/pages\/3587\/revisions"}],"predecessor-version":[{"id":3743,"href":"https:\/\/www.ustud.org\/en\/wp-json\/wp\/v2\/pages\/3587\/revisions\/3743"}],"wp:attachment":[{"href":"https:\/\/www.ustud.org\/en\/wp-json\/wp\/v2\/media?parent=3587"}],"curies":[{"name":"wp","href":"https:\/\/api.w.org\/{rel}","templated":true}]}}