{"id":9,"date":"2018-11-26T12:46:44","date_gmt":"2018-11-26T09:46:44","guid":{"rendered":"http:\/\/www.ustud.org\/projects\/"},"modified":"2023-09-27T16:14:18","modified_gmt":"2023-09-27T13:14:18","slug":"odak-noktalarimiz","status":"publish","type":"page","link":"https:\/\/www.ustud.org\/en\/odak-noktalarimiz\/","title":{"rendered":"Our Focus"},"content":{"rendered":"<div data-elementor-type=\"wp-post\" data-elementor-id=\"9\" class=\"elementor elementor-9\">\n\t\t\t\t\t\t<section class=\"elementor-section elementor-top-section elementor-element elementor-element-8e491de elementor-section-content-middle elementor-section-full_width elementor-section-height-default elementor-section-height-default\" data-id=\"8e491de\" data-element_type=\"section\" data-e-type=\"section\" data-settings=\"{&quot;background_background&quot;:&quot;classic&quot;}\">\n\t\t\t\t\t\t\t<div class=\"elementor-background-overlay\"><\/div>\n\t\t\t\t\t\t\t<div class=\"elementor-container elementor-column-gap-no\">\n\t\t\t\t\t<div class=\"elementor-column elementor-col-100 elementor-top-column elementor-element elementor-element-fb027eb\" data-id=\"fb027eb\" data-element_type=\"column\" data-e-type=\"column\">\n\t\t\t<div class=\"elementor-widget-wrap elementor-element-populated\">\n\t\t\t\t\t\t<div class=\"elementor-element elementor-element-b8da8b3 elementor-widget elementor-widget-heading\" data-id=\"b8da8b3\" data-element_type=\"widget\" data-e-type=\"widget\" data-widget_type=\"heading.default\">\n\t\t\t\t<div class=\"elementor-widget-container\">\n\t\t\t\t\t<h1 class=\"elementor-heading-title elementor-size-default\">Sustainability is Key to the Future of the Tourism Industry.<\/h1>\t\t\t\t<\/div>\n\t\t\t\t<\/div>\n\t\t\t\t\t<\/div>\n\t\t<\/div>\n\t\t\t\t\t<\/div>\n\t\t<\/section>\n\t\t<div class=\"elementor-element elementor-element-0b0ba04 e-flex e-con-boxed e-con e-parent\" data-id=\"0b0ba04\" data-element_type=\"container\" data-e-type=\"container\">\n\t\t\t\t\t<div class=\"e-con-inner\">\n\t\t\t\t<div class=\"elementor-element elementor-element-0701031 elementor-widget elementor-widget-text-editor\" data-id=\"0701031\" data-element_type=\"widget\" data-e-type=\"widget\" data-widget_type=\"text-editor.default\">\n\t\t\t\t<div class=\"elementor-widget-container\">\n\t\t\t\t\t\t\t\t\t<p>With the opportunities it offers, its geographical location, climate, flora and fauna, unique historical heritage and sectoral experience, our country is in a remarkable position among tourism destinations. The concept of \"sustainable tourism\", which has attracted attention among leading tourism destinations in recent years, is not only limited to shaping the future tourism planned, but also affects even today's tourism. Considering that tourism has an extremely important place in terms of our national economy on a macro scale, the tourism sector will be the locomotive of sustainable development for our country.<\/p><p>As the International Sustainable Tourism Association, in order to determine its institutional position and areas of activity, we commissioned a team of experts to conduct a research on the global needs and gaps in the tourism sector, especially in the field of sustainable tourism. Based on this research, we aimed to focus our institutional capacity on exactly the issues and activities that the sector needs.<\/p><p>Within this framework, USTUD, within the scope of the concept of \"sustainable tourism\", mainly works on conceptualizing sustainability in accordance with universal norms, developing strategies and planning approaches, creating labelling systems and developing new products for the sector, including luxury tourism.<\/p>\t\t\t\t\t\t\t\t<\/div>\n\t\t\t\t<\/div>\n\t\t\t\t\t<\/div>\n\t\t\t\t<\/div>\n\t\t\t\t<section class=\"elementor-section elementor-top-section elementor-element elementor-element-deacf28 elementor-section-content-top elementor-section-boxed elementor-section-height-default elementor-section-height-default\" data-id=\"deacf28\" data-element_type=\"section\" data-e-type=\"section\" data-settings=\"{&quot;background_background&quot;:&quot;classic&quot;}\">\n\t\t\t\t\t\t<div class=\"elementor-container elementor-column-gap-no\">\n\t\t\t\t\t<div class=\"elementor-column elementor-col-50 elementor-top-column elementor-element elementor-element-532b1a3\" data-id=\"532b1a3\" data-element_type=\"column\" data-e-type=\"column\">\n\t\t\t<div class=\"elementor-widget-wrap elementor-element-populated\">\n\t\t\t\t\t\t<div class=\"elementor-element elementor-element-c08a795 elementor-position-top elementor-widget elementor-widget-image-box\" data-id=\"c08a795\" data-element_type=\"widget\" data-e-type=\"widget\" data-widget_type=\"image-box.default\">\n\t\t\t\t<div class=\"elementor-widget-container\">\n\t\t\t\t\t<div class=\"elementor-image-box-wrapper\"><figure class=\"elementor-image-box-img\"><img fetchpriority=\"high\" decoding=\"async\" width=\"2560\" height=\"1245\" src=\"https:\/\/www.ustud.org\/wp-content\/uploads\/2023\/09\/p_odak_kucuk_1__Evrensel-Normlarda-Kavramsallastirma_pexels-shayan-koundinya-2299682-scaled-e1695807184847.jpg\" class=\"attachment-full size-full wp-image-3256\" alt=\"\" srcset=\"https:\/\/www.ustud.org\/wp-content\/uploads\/2023\/09\/p_odak_kucuk_1__Evrensel-Normlarda-Kavramsallastirma_pexels-shayan-koundinya-2299682-scaled-e1695807184847.jpg 2560w, https:\/\/www.ustud.org\/wp-content\/uploads\/2023\/09\/p_odak_kucuk_1__Evrensel-Normlarda-Kavramsallastirma_pexels-shayan-koundinya-2299682-scaled-e1695807184847-300x146.jpg 300w, https:\/\/www.ustud.org\/wp-content\/uploads\/2023\/09\/p_odak_kucuk_1__Evrensel-Normlarda-Kavramsallastirma_pexels-shayan-koundinya-2299682-scaled-e1695807184847-1024x498.jpg 1024w, https:\/\/www.ustud.org\/wp-content\/uploads\/2023\/09\/p_odak_kucuk_1__Evrensel-Normlarda-Kavramsallastirma_pexels-shayan-koundinya-2299682-scaled-e1695807184847-768x374.jpg 768w, https:\/\/www.ustud.org\/wp-content\/uploads\/2023\/09\/p_odak_kucuk_1__Evrensel-Normlarda-Kavramsallastirma_pexels-shayan-koundinya-2299682-scaled-e1695807184847-1536x747.jpg 1536w, https:\/\/www.ustud.org\/wp-content\/uploads\/2023\/09\/p_odak_kucuk_1__Evrensel-Normlarda-Kavramsallastirma_pexels-shayan-koundinya-2299682-scaled-e1695807184847-2048x996.jpg 2048w\" sizes=\"(max-width: 2560px) 100vw, 2560px\" \/><\/figure><div class=\"elementor-image-box-content\"><h4 class=\"elementor-image-box-title\">Conceptualizing sustainability in universal norms<\/h4><p class=\"elementor-image-box-description\">Conceptualization of sustainability and sustainable tourism in accordance with universal norms. \n\nThe concept of \"Sustainable Tourism\", which is of utmost importance in the sector, is in danger of losing its meaning and becoming hollowed out or appearing as a meaning and activities other than its purpose if the necessary measures are not taken.\n\n<\/p><\/div><\/div>\t\t\t\t<\/div>\n\t\t\t\t<\/div>\n\t\t\t\t\t<\/div>\n\t\t<\/div>\n\t\t\t\t<div class=\"elementor-column elementor-col-50 elementor-top-column elementor-element elementor-element-783a841\" data-id=\"783a841\" data-element_type=\"column\" data-e-type=\"column\">\n\t\t\t<div class=\"elementor-widget-wrap elementor-element-populated\">\n\t\t\t\t\t\t<div class=\"elementor-element elementor-element-91d7a6b elementor-position-top elementor-widget elementor-widget-image-box\" data-id=\"91d7a6b\" data-element_type=\"widget\" data-e-type=\"widget\" data-widget_type=\"image-box.default\">\n\t\t\t\t<div class=\"elementor-widget-container\">\n\t\t\t\t\t<div class=\"elementor-image-box-wrapper\"><figure class=\"elementor-image-box-img\"><img decoding=\"async\" width=\"2560\" height=\"1237\" src=\"https:\/\/www.ustud.org\/wp-content\/uploads\/2023\/09\/p_odak_kucuk_2_Stratejik-Planlama-ve-Uygulama_oriel-mizrahi-TWz5tBpXyaE-unsplash-scaled-e1695807950639.jpg\" class=\"attachment-full size-full wp-image-3260\" alt=\"\" srcset=\"https:\/\/www.ustud.org\/wp-content\/uploads\/2023\/09\/p_odak_kucuk_2_Stratejik-Planlama-ve-Uygulama_oriel-mizrahi-TWz5tBpXyaE-unsplash-scaled-e1695807950639.jpg 2560w, https:\/\/www.ustud.org\/wp-content\/uploads\/2023\/09\/p_odak_kucuk_2_Stratejik-Planlama-ve-Uygulama_oriel-mizrahi-TWz5tBpXyaE-unsplash-scaled-e1695807950639-300x145.jpg 300w, https:\/\/www.ustud.org\/wp-content\/uploads\/2023\/09\/p_odak_kucuk_2_Stratejik-Planlama-ve-Uygulama_oriel-mizrahi-TWz5tBpXyaE-unsplash-scaled-e1695807950639-1024x495.jpg 1024w, https:\/\/www.ustud.org\/wp-content\/uploads\/2023\/09\/p_odak_kucuk_2_Stratejik-Planlama-ve-Uygulama_oriel-mizrahi-TWz5tBpXyaE-unsplash-scaled-e1695807950639-768x371.jpg 768w, https:\/\/www.ustud.org\/wp-content\/uploads\/2023\/09\/p_odak_kucuk_2_Stratejik-Planlama-ve-Uygulama_oriel-mizrahi-TWz5tBpXyaE-unsplash-scaled-e1695807950639-1536x742.jpg 1536w, https:\/\/www.ustud.org\/wp-content\/uploads\/2023\/09\/p_odak_kucuk_2_Stratejik-Planlama-ve-Uygulama_oriel-mizrahi-TWz5tBpXyaE-unsplash-scaled-e1695807950639-2048x990.jpg 2048w\" sizes=\"(max-width: 2560px) 100vw, 2560px\" \/><\/figure><div class=\"elementor-image-box-content\"><h4 class=\"elementor-image-box-title\">Developing strategy and planning approaches<\/h4><p class=\"elementor-image-box-description\">Preparation of strategic plans for sustainable tourism at sectoral, urban, national and international levels and representation of these plans at implementation and monitoring levels.\n\nInstitutional and sectoral planning for sustainable tourism at all levels and integration of these plans with resilience and smart system plans has been identified as one of the key gaps in the sector.\n<\/p><\/div><\/div>\t\t\t\t<\/div>\n\t\t\t\t<\/div>\n\t\t\t\t\t<\/div>\n\t\t<\/div>\n\t\t\t\t\t<\/div>\n\t\t<\/section>\n\t\t\t\t<section class=\"elementor-section elementor-top-section elementor-element elementor-element-c38d6b7 elementor-section-content-top elementor-section-boxed elementor-section-height-default elementor-section-height-default\" data-id=\"c38d6b7\" data-element_type=\"section\" data-e-type=\"section\" data-settings=\"{&quot;background_background&quot;:&quot;classic&quot;}\">\n\t\t\t\t\t\t<div class=\"elementor-container elementor-column-gap-no\">\n\t\t\t\t\t<div class=\"elementor-column elementor-col-50 elementor-top-column elementor-element elementor-element-18dd7e8\" data-id=\"18dd7e8\" data-element_type=\"column\" data-e-type=\"column\">\n\t\t\t<div class=\"elementor-widget-wrap elementor-element-populated\">\n\t\t\t\t\t\t<div class=\"elementor-element elementor-element-4348f6f elementor-position-top elementor-widget elementor-widget-image-box\" data-id=\"4348f6f\" data-element_type=\"widget\" data-e-type=\"widget\" data-widget_type=\"image-box.default\">\n\t\t\t\t<div class=\"elementor-widget-container\">\n\t\t\t\t\t<div class=\"elementor-image-box-wrapper\"><figure class=\"elementor-image-box-img\"><img decoding=\"async\" width=\"2560\" height=\"1250\" src=\"https:\/\/www.ustud.org\/wp-content\/uploads\/2023\/09\/p_odak_kucuk_3__surdurulebilir-Turizm-Kriterleri_nadine-marfurt-DyEdTr9eqPo-unsplash-scaled-e1695806743610.jpg\" class=\"attachment-full size-full wp-image-3261\" alt=\"\" srcset=\"https:\/\/www.ustud.org\/wp-content\/uploads\/2023\/09\/p_odak_kucuk_3__surdurulebilir-Turizm-Kriterleri_nadine-marfurt-DyEdTr9eqPo-unsplash-scaled-e1695806743610.jpg 2560w, https:\/\/www.ustud.org\/wp-content\/uploads\/2023\/09\/p_odak_kucuk_3__surdurulebilir-Turizm-Kriterleri_nadine-marfurt-DyEdTr9eqPo-unsplash-scaled-e1695806743610-300x146.jpg 300w, https:\/\/www.ustud.org\/wp-content\/uploads\/2023\/09\/p_odak_kucuk_3__surdurulebilir-Turizm-Kriterleri_nadine-marfurt-DyEdTr9eqPo-unsplash-scaled-e1695806743610-1024x500.jpg 1024w, https:\/\/www.ustud.org\/wp-content\/uploads\/2023\/09\/p_odak_kucuk_3__surdurulebilir-Turizm-Kriterleri_nadine-marfurt-DyEdTr9eqPo-unsplash-scaled-e1695806743610-768x375.jpg 768w, https:\/\/www.ustud.org\/wp-content\/uploads\/2023\/09\/p_odak_kucuk_3__surdurulebilir-Turizm-Kriterleri_nadine-marfurt-DyEdTr9eqPo-unsplash-scaled-e1695806743610-1536x750.jpg 1536w, https:\/\/www.ustud.org\/wp-content\/uploads\/2023\/09\/p_odak_kucuk_3__surdurulebilir-Turizm-Kriterleri_nadine-marfurt-DyEdTr9eqPo-unsplash-scaled-e1695806743610-2048x1000.jpg 2048w\" sizes=\"(max-width: 2560px) 100vw, 2560px\" \/><\/figure><div class=\"elementor-image-box-content\"><h4 class=\"elementor-image-box-title\">Sustainable Tourism Criterias<\/h4><p class=\"elementor-image-box-description\">Establishing and advocating sustainable tourism criteria for stakeholders and fields of activity such as cities, countries, hotels, restaurants, agencies, etc. at sectoral and institutional level.\n\nIt has been identified as a gap in the sector that certification and criteria systems are not represented at the level and competence, they should be in order to increase the representation of sustainable tourism, to live the concept correctly and to monitor and ensure the continuity of the process.\n<\/p><\/div><\/div>\t\t\t\t<\/div>\n\t\t\t\t<\/div>\n\t\t\t\t\t<\/div>\n\t\t<\/div>\n\t\t\t\t<div class=\"elementor-column elementor-col-50 elementor-top-column elementor-element elementor-element-f9e4bcc\" data-id=\"f9e4bcc\" data-element_type=\"column\" data-e-type=\"column\">\n\t\t\t<div class=\"elementor-widget-wrap elementor-element-populated\">\n\t\t\t\t\t\t<div class=\"elementor-element elementor-element-39fe420 elementor-position-top elementor-widget elementor-widget-image-box\" data-id=\"39fe420\" data-element_type=\"widget\" data-e-type=\"widget\" data-widget_type=\"image-box.default\">\n\t\t\t\t<div class=\"elementor-widget-container\">\n\t\t\t\t\t<div class=\"elementor-image-box-wrapper\"><figure class=\"elementor-image-box-img\"><img loading=\"lazy\" decoding=\"async\" width=\"2560\" height=\"1245\" src=\"https:\/\/www.ustud.org\/wp-content\/uploads\/2023\/09\/p_odak_kucuk_4_Surdurulebilir-Luks-Turizm_pexels-joey-kyber-129743-scaled-e1695807379544.jpg\" class=\"attachment-full size-full wp-image-3377\" alt=\"\" srcset=\"https:\/\/www.ustud.org\/wp-content\/uploads\/2023\/09\/p_odak_kucuk_4_Surdurulebilir-Luks-Turizm_pexels-joey-kyber-129743-scaled-e1695807379544.jpg 2560w, https:\/\/www.ustud.org\/wp-content\/uploads\/2023\/09\/p_odak_kucuk_4_Surdurulebilir-Luks-Turizm_pexels-joey-kyber-129743-scaled-e1695807379544-300x146.jpg 300w, https:\/\/www.ustud.org\/wp-content\/uploads\/2023\/09\/p_odak_kucuk_4_Surdurulebilir-Luks-Turizm_pexels-joey-kyber-129743-scaled-e1695807379544-1024x498.jpg 1024w, https:\/\/www.ustud.org\/wp-content\/uploads\/2023\/09\/p_odak_kucuk_4_Surdurulebilir-Luks-Turizm_pexels-joey-kyber-129743-scaled-e1695807379544-768x374.jpg 768w, https:\/\/www.ustud.org\/wp-content\/uploads\/2023\/09\/p_odak_kucuk_4_Surdurulebilir-Luks-Turizm_pexels-joey-kyber-129743-scaled-e1695807379544-1536x747.jpg 1536w, https:\/\/www.ustud.org\/wp-content\/uploads\/2023\/09\/p_odak_kucuk_4_Surdurulebilir-Luks-Turizm_pexels-joey-kyber-129743-scaled-e1695807379544-2048x996.jpg 2048w\" sizes=\"(max-width: 2560px) 100vw, 2560px\" \/><\/figure><div class=\"elementor-image-box-content\"><h4 class=\"elementor-image-box-title\">Sustainable Luxury Tourism<\/h4><p class=\"elementor-image-box-description\">To set out the conceptual infrastructure and criteria for sustainable luxury tourism, to develop examples of sectoral practices and to create products within the framework.\n\nThere are significant gaps in what sustainable luxury tourism is, how it can be characterized as luxury and sustainable, and how to distinguish between good and bad practices.\n<\/p><\/div><\/div>\t\t\t\t<\/div>\n\t\t\t\t<\/div>\n\t\t\t\t\t<\/div>\n\t\t<\/div>\n\t\t\t\t\t<\/div>\n\t\t<\/section>\n\t\t\t\t<section class=\"elementor-section elementor-top-section elementor-element elementor-element-e9bf17a elementor-section-content-top elementor-section-boxed elementor-section-height-default elementor-section-height-default\" data-id=\"e9bf17a\" data-element_type=\"section\" data-e-type=\"section\" data-settings=\"{&quot;background_background&quot;:&quot;classic&quot;}\">\n\t\t\t\t\t\t<div class=\"elementor-container elementor-column-gap-no\">\n\t\t\t\t\t<div class=\"elementor-column elementor-col-50 elementor-top-column elementor-element elementor-element-6a7c2cb\" data-id=\"6a7c2cb\" data-element_type=\"column\" data-e-type=\"column\">\n\t\t\t<div class=\"elementor-widget-wrap elementor-element-populated\">\n\t\t\t\t\t\t<div class=\"elementor-element elementor-element-2fd5415 elementor-position-top elementor-widget elementor-widget-image-box\" data-id=\"2fd5415\" data-element_type=\"widget\" data-e-type=\"widget\" data-widget_type=\"image-box.default\">\n\t\t\t\t<div class=\"elementor-widget-container\">\n\t\t\t\t\t<div class=\"elementor-image-box-wrapper\"><figure class=\"elementor-image-box-img\"><img loading=\"lazy\" decoding=\"async\" width=\"2560\" height=\"1245\" src=\"https:\/\/www.ustud.org\/wp-content\/uploads\/2023\/09\/p_odak_kucuk_5__egitim_faaliyetleri_ashley-batz-betmVWGYcLY-unsplash-1-scaled-e1695807679429.jpg\" class=\"attachment-full size-full wp-image-3391\" alt=\"\" srcset=\"https:\/\/www.ustud.org\/wp-content\/uploads\/2023\/09\/p_odak_kucuk_5__egitim_faaliyetleri_ashley-batz-betmVWGYcLY-unsplash-1-scaled-e1695807679429.jpg 2560w, https:\/\/www.ustud.org\/wp-content\/uploads\/2023\/09\/p_odak_kucuk_5__egitim_faaliyetleri_ashley-batz-betmVWGYcLY-unsplash-1-scaled-e1695807679429-300x146.jpg 300w, https:\/\/www.ustud.org\/wp-content\/uploads\/2023\/09\/p_odak_kucuk_5__egitim_faaliyetleri_ashley-batz-betmVWGYcLY-unsplash-1-scaled-e1695807679429-1024x498.jpg 1024w, https:\/\/www.ustud.org\/wp-content\/uploads\/2023\/09\/p_odak_kucuk_5__egitim_faaliyetleri_ashley-batz-betmVWGYcLY-unsplash-1-scaled-e1695807679429-768x374.jpg 768w, https:\/\/www.ustud.org\/wp-content\/uploads\/2023\/09\/p_odak_kucuk_5__egitim_faaliyetleri_ashley-batz-betmVWGYcLY-unsplash-1-scaled-e1695807679429-1536x747.jpg 1536w, https:\/\/www.ustud.org\/wp-content\/uploads\/2023\/09\/p_odak_kucuk_5__egitim_faaliyetleri_ashley-batz-betmVWGYcLY-unsplash-1-scaled-e1695807679429-2048x996.jpg 2048w\" sizes=\"(max-width: 2560px) 100vw, 2560px\" \/><\/figure><div class=\"elementor-image-box-content\"><h4 class=\"elementor-image-box-title\">Training Activities<\/h4><p class=\"elementor-image-box-description\">The concept of sustainability is multi-layered and includes elements of many branches of humanities and natural sciences.\n\nThere is a serious shortage of trained personnel and managers in the sector in the field of sustainable tourism. It is important to develop training modules and curricula on this subject and integrate them into the sector, academia and tourism high schools.\n\n<\/p><\/div><\/div>\t\t\t\t<\/div>\n\t\t\t\t<\/div>\n\t\t\t\t\t<\/div>\n\t\t<\/div>\n\t\t\t\t<div class=\"elementor-column elementor-col-50 elementor-top-column elementor-element elementor-element-754c2c6\" data-id=\"754c2c6\" data-element_type=\"column\" data-e-type=\"column\">\n\t\t\t<div class=\"elementor-widget-wrap elementor-element-populated\">\n\t\t\t\t\t\t<div class=\"elementor-element elementor-element-daedc70 elementor-position-top elementor-widget elementor-widget-image-box\" data-id=\"daedc70\" data-element_type=\"widget\" data-e-type=\"widget\" data-widget_type=\"image-box.default\">\n\t\t\t\t<div class=\"elementor-widget-container\">\n\t\t\t\t\t<div class=\"elementor-image-box-wrapper\"><figure class=\"elementor-image-box-img\"><img loading=\"lazy\" decoding=\"async\" width=\"1280\" height=\"616\" src=\"https:\/\/www.ustud.org\/wp-content\/uploads\/2023\/09\/odak_noktamiz_1_gears-1666494_1280-e1695807770144.jpg\" class=\"attachment-full size-full wp-image-3264\" alt=\"\" srcset=\"https:\/\/www.ustud.org\/wp-content\/uploads\/2023\/09\/odak_noktamiz_1_gears-1666494_1280-e1695807770144.jpg 1280w, https:\/\/www.ustud.org\/wp-content\/uploads\/2023\/09\/odak_noktamiz_1_gears-1666494_1280-e1695807770144-300x144.jpg 300w, https:\/\/www.ustud.org\/wp-content\/uploads\/2023\/09\/odak_noktamiz_1_gears-1666494_1280-e1695807770144-1024x493.jpg 1024w, https:\/\/www.ustud.org\/wp-content\/uploads\/2023\/09\/odak_noktamiz_1_gears-1666494_1280-e1695807770144-768x370.jpg 768w\" sizes=\"(max-width: 1280px) 100vw, 1280px\" \/><\/figure><div class=\"elementor-image-box-content\"><h4 class=\"elementor-image-box-title\">Local and International Collaborations<\/h4><p class=\"elementor-image-box-description\">Establishing exemplary models for sustainable destinations, products and attraction values (hotels, restaurants, agencies, etc.) with local and international sectoral collaborations in different geographies.\n\nIn this context, it is important for sustainable tourism sectoral development to establish examples of sustainable tourism at all levels, such as districts, facilities or restaurants.\n<\/p><\/div><\/div>\t\t\t\t<\/div>\n\t\t\t\t<\/div>\n\t\t\t\t\t<\/div>\n\t\t<\/div>\n\t\t\t\t\t<\/div>\n\t\t<\/section>\n\t\t\t\t<\/div>","protected":false},"excerpt":{"rendered":"<p>Turizmde \u00e7are s\u00fcrd\u00fcr\u00fclebilirlik. Sundu\u011fu olanaklar, co\u011frafi konumu, iklimi, bitki \u00f6rt\u00fcs\u00fc ve faunas\u0131, ev sahipli\u011fi yapt\u0131\u011f\u0131 benzersiz tarihi miraslar\u0131 ve sekt\u00f6rel deneyimi ile \u00fclkemiz, turizm destinasyonlar\u0131 aras\u0131nda hat\u0131r\u0131 say\u0131l\u0131r bir konumda yer almaktad\u0131r. \u00d6nde gelen turizm destinasyonlar\u0131 aras\u0131nda son y\u0131llarda dikkatleri \u00fczerine toplayan \u201cs\u00fcrd\u00fcr\u00fclebilir turizm\u201d kavram\u0131, gelecekte yap\u0131lmas\u0131 planlanan turizmi \u015fekillendirmek ile s\u0131n\u0131rl\u0131 kalmay\u0131p g\u00fcn\u00fcm\u00fczdeki turizmi &hellip;<\/p>\n<p class=\"read-more\"> <a class=\"\" href=\"https:\/\/www.ustud.org\/en\/odak-noktalarimiz\/\"> <span class=\"screen-reader-text\">Our Focus<\/span> Read More &raquo;<\/a><\/p>","protected":false},"author":1,"featured_media":0,"parent":0,"menu_order":0,"comment_status":"closed","ping_status":"closed","template":"","meta":{"site-sidebar-layout":"no-sidebar","site-content-layout":"page-builder","ast-site-content-layout":"","site-content-style":"default","site-sidebar-style":"default","ast-global-header-display":"","ast-banner-title-visibility":"","ast-main-header-display":"","ast-hfb-above-header-display":"","ast-hfb-below-header-display":"","ast-hfb-mobile-header-display":"","site-post-title":"disabled","ast-breadcrumbs-content":"","ast-featured-img":"disabled","footer-sml-layout":"","theme-transparent-header-meta":"enabled","adv-header-id-meta":"","stick-header-meta":"","header-above-stick-meta":"","header-main-stick-meta":"","header-below-stick-meta":"","astra-migrate-meta-layouts":"","footnotes":""},"class_list":["post-9","page","type-page","status-publish","hentry"],"_links":{"self":[{"href":"https:\/\/www.ustud.org\/en\/wp-json\/wp\/v2\/pages\/9","targetHints":{"allow":["GET"]}}],"collection":[{"href":"https:\/\/www.ustud.org\/en\/wp-json\/wp\/v2\/pages"}],"about":[{"href":"https:\/\/www.ustud.org\/en\/wp-json\/wp\/v2\/types\/page"}],"author":[{"embeddable":true,"href":"https:\/\/www.ustud.org\/en\/wp-json\/wp\/v2\/users\/1"}],"replies":[{"embeddable":true,"href":"https:\/\/www.ustud.org\/en\/wp-json\/wp\/v2\/comments?post=9"}],"version-history":[{"count":116,"href":"https:\/\/www.ustud.org\/en\/wp-json\/wp\/v2\/pages\/9\/revisions"}],"predecessor-version":[{"id":3532,"href":"https:\/\/www.ustud.org\/en\/wp-json\/wp\/v2\/pages\/9\/revisions\/3532"}],"wp:attachment":[{"href":"https:\/\/www.ustud.org\/en\/wp-json\/wp\/v2\/media?parent=9"}],"curies":[{"name":"wp","href":"https:\/\/api.w.org\/{rel}","templated":true}]}}